{"id":1029,"date":"2020-12-14T16:25:47","date_gmt":"2020-12-14T21:25:47","guid":{"rendered":"https:\/\/mmpetgrooming.ca\/services-2\/"},"modified":"2023-02-13T13:47:54","modified_gmt":"2023-02-13T18:47:54","slug":"services","status":"publish","type":"page","link":"https:\/\/mmpetgrooming.ca\/fr\/services\/","title":{"rendered":"Services"},"content":{"rendered":"<p>[et_pb_section fb_built=\u00a0\u00bb1&Prime; next_background_color=\u00a0\u00bb#f7f7f7&Prime; _builder_version=\u00a0\u00bb4.7.4&Prime; background_image=\u00a0\u00bbhttps:\/\/mmpetgrooming.ca\/wp-content\/uploads\/2020\/11\/100_0387-revised.jpg\u00a0\u00bb parallax=\u00a0\u00bbon\u00a0\u00bb custom_padding=\u00a0\u00bb0|0px|629px|0px|false|false\u00a0\u00bb bottom_divider_style=\u00a0\u00bbramp\u00a0\u00bb][\/et_pb_section][et_pb_section fb_built=\u00a0\u00bb1&Prime; next_background_color=\u00a0\u00bb#b47b44&Prime; _builder_version=\u00a0\u00bb4.4.7&Prime; background_color=\u00a0\u00bb#f7f7f7&Prime; custom_margin=\u00a0\u00bb||0px||false|false\u00a0\u00bb custom_padding=\u00a0\u00bb25px|0px|94px|0px|false|false\u00a0\u00bb bottom_divider_style=\u00a0\u00bbramp\u00a0\u00bb][et_pb_row _builder_version=\u00a0\u00bb3.25&Prime;][et_pb_column type=\u00a0\u00bb4_4&Prime; _builder_version=\u00a0\u00bb3.25&Prime; custom_padding=\u00a0\u00bb|||\u00a0\u00bb custom_padding__hover=\u00a0\u00bb|||\u00a0\u00bb][et_pb_text _builder_version=\u00a0\u00bb4.7.4&Prime; text_font=\u00a0\u00bb||||||||\u00a0\u00bb text_font_size=\u00a0\u00bb18px\u00a0\u00bb text_line_height=\u00a0\u00bb1.8em\u00a0\u00bb header_font=\u00a0\u00bb|||on|||||\u00a0\u00bb header_text_color=\u00a0\u00bb#246faf\u00a0\u00bb header_font_size=\u00a0\u00bb50px\u00a0\u00bb header_2_font=\u00a0\u00bb|700||on|||||\u00a0\u00bb header_2_font_size=\u00a0\u00bb30px\u00a0\u00bb header_2_line_height=\u00a0\u00bb1.2em\u00a0\u00bb header_5_font=\u00a0\u00bb|||on|||||\u00a0\u00bb header_5_text_color=\u00a0\u00bbrgba(0,0,0,0.4)\u00a0\u00bb header_5_font_size=\u00a0\u00bb20px\u00a0\u00bb header_5_letter_spacing=\u00a0\u00bb3px\u00a0\u00bb header_5_line_height=\u00a0\u00bb1.2em\u00a0\u00bb text_orientation=\u00a0\u00bbcenter\u00a0\u00bb max_width=\u00a0\u00bb89.5%\u00a0\u00bb module_alignment=\u00a0\u00bbcenter\u00a0\u00bb custom_padding=\u00a0\u00bb|||0px||\u00a0\u00bb text_line_height_last_edited=\u00a0\u00bboff|desktop\u00a0\u00bb header_2_font_size_tablet=\u00a0\u00bb\u00a0\u00bb header_2_font_size_phone=\u00a0\u00bb36px\u00a0\u00bb header_2_font_size_last_edited=\u00a0\u00bbon|desktop\u00a0\u00bb]<\/p>\n<h2>Services<\/h2>\n<h1>TOILETTAGE ET PLUS<\/h1>\n<div class=\"x11i5rnm xat24cr x1mh8g0r x1vvkbs xtlvy1s x126k92a\">\n<div dir=\"auto\" style=\"text-align: justify;\">Bonjour, Cette ann\u00e9e nous avons faite des changement avec notre entreprise. Nous offrons plus de services de toilettages pour animaux. Moi, Diane j&rsquo;ai d\u00e9cider de fermer le toilettage et garder seulement le magasin avec tous les produits n\u00e9cessaires pour vos animaux de compagnie. Mes employer qui travaillait avec mois dans le toilettages ce sont lancer en affaire et son pr\u00eat a vous recevoir comme client quand vous serrer pr\u00eat a prendre rendez-vous .Nous avons<\/div>\n<div dir=\"auto\" style=\"text-align: justify;\"><strong>Salon C&rsquo;est au Poil 613-443-1152 avec Jos\u00e9<\/strong><\/div>\n<div dir=\"auto\" style=\"text-align: justify;\"><strong>Toilettage Sophie Stique 450-807-3459 avec Sophie<\/strong><\/div>\n<div dir=\"auto\" style=\"text-align: justify;\"><strong>Mimi-Taz Grooming 613-874-1235 avec H\u00e9l\u00e8ne<\/strong><\/div>\n<\/div>\n<div class=\"x11i5rnm xat24cr x1mh8g0r x1vvkbs xtlvy1s x126k92a\" style=\"text-align: justify;\">\n<div dir=\"auto\">Contacter moi aucun temps sur cette page Facebook si vous avez aucune question concernant cet annonce.\u00a0<span style=\"font-size: 18px;\">Nous offrons le service de coupe de griffes encore ici au magasin, le mercredi et samedi seulement. S.V.P. appeler avant pour c&rsquo;assurer qu&rsquo;il y as quelqu&rsquo;un disponible la journ\u00e9e m\u00eame.<\/span><\/div>\n<\/div>\n<p>[\/et_pb_text][\/et_pb_column][\/et_pb_row][et_pb_row use_custom_gutter=\u00a0\u00bbon\u00a0\u00bb gutter_width=\u00a0\u00bb2&Prime; _builder_version=\u00a0\u00bb4.4.7&Prime; width=\u00a0\u00bb100%\u00a0\u00bb max_width=\u00a0\u00bb1750px\u00a0\u00bb module_alignment=\u00a0\u00bbcenter\u00a0\u00bb custom_padding=\u00a0\u00bb20px|20px|20px|20px|true|true\u00a0\u00bb][et_pb_column type=\u00a0\u00bb4_4&Prime; _builder_version=\u00a0\u00bb4.4.7&Prime;][et_pb_blurb title=\u00a0\u00bbAnalyse de l\u2019eau\u00a0\u00bb image=\u00a0\u00bbhttps:\/\/mmpetgrooming.ca\/wp-content\/uploads\/2020\/10\/001M_MPetGrooming800-6.jpg\u00a0\u00bb _builder_version=\u00a0\u00bb4.7.4&Prime; header_font_size=\u00a0\u00bb22px\u00a0\u00bb body_font_size=\u00a0\u00bb18px\u00a0\u00bb]Nous offrons un service d\u2019analyse de l\u2019eau pour vos aquariums pour aider \u00e0 garder vos amis poissons heureux et en bonne sant\u00e9.[\/et_pb_blurb][et_pb_blurb title=\u00a0\u00bbTaillages d\u2019aile\u00a0\u00bb image=\u00a0\u00bbhttps:\/\/mmpetgrooming.ca\/wp-content\/uploads\/2020\/10\/001M_MPetGrooming800-18.jpg\u00a0\u00bb _builder_version=\u00a0\u00bb4.7.4&Prime; header_font_size=\u00a0\u00bb22px\u00a0\u00bb body_font_size=\u00a0\u00bb18px\u00a0\u00bb]<\/p>\n<p>Les services pour animaux de compagnie M.M. offrent des taillage d\u2019ailes aux oiseau afin de les proteger et d\u2019eviter les accident non desiree.<\/p>\n<p>[\/et_pb_blurb][et_pb_blurb title=\u00a0\u00bbConseils sur les commandes alimentaires\u00a0\u00bb image=\u00a0\u00bbhttps:\/\/mmpetgrooming.ca\/wp-content\/uploads\/2020\/10\/001M_MPetGrooming800-22.jpg\u00a0\u00bb _builder_version=\u00a0\u00bb4.7.4&Prime; header_font_size=\u00a0\u00bb22px\u00a0\u00bb body_font_size=\u00a0\u00bb18px\u00a0\u00bb]<\/p>\n<p>R\u00e9pondre \u00e0 leurs besoins \u00e0 chaque \u00e9tape de la vie!<\/p>\n<p>Notre \u00e9quipe se compose de 10 employ\u00e9s qui restent \u00e0 jour avec de nouveaux produits pour mieux vous servir. Les commandes sp\u00e9ciales sont les bienvenues! <\/p>\n<p>[\/et_pb_blurb][\/et_pb_column][\/et_pb_row][et_pb_row column_structure=\u00a0\u00bb1_3,1_3,1_3&Prime; _builder_version=\u00a0\u00bb4.7.0&Prime; max_width=\u00a0\u00bb1500px\u00a0\u00bb][et_pb_column type=\u00a0\u00bb1_3&Prime; _builder_version=\u00a0\u00bb3.25&Prime; custom_padding=\u00a0\u00bb|||\u00a0\u00bb custom_padding__hover=\u00a0\u00bb|||\u00a0\u00bb][\/et_pb_column][et_pb_column type=\u00a0\u00bb1_3&Prime; _builder_version=\u00a0\u00bb4.4.7&Prime; custom_padding=\u00a0\u00bb|||\u00a0\u00bb custom_padding__hover=\u00a0\u00bb|||\u00a0\u00bb][\/et_pb_column][et_pb_column type=\u00a0\u00bb1_3&Prime; _builder_version=\u00a0\u00bb3.25&Prime; custom_padding=\u00a0\u00bb|||\u00a0\u00bb custom_padding__hover=\u00a0\u00bb|||\u00a0\u00bb][\/et_pb_column][\/et_pb_row][\/et_pb_section][et_pb_section fb_built=\u00a0\u00bb1&Prime; admin_label=\u00a0\u00bbFooter Section\u00a0\u00bb _builder_version=\u00a0\u00bb4.4.7&Prime; background_color=\u00a0\u00bb#b47b44&Prime; background_enable_image=\u00a0\u00bboff\u00a0\u00bb min_height=\u00a0\u00bb0px\u00a0\u00bb custom_margin=\u00a0\u00bb-1px||-149px|||\u00a0\u00bb custom_padding=\u00a0\u00bb44px|0px|0px|0px|false|false\u00a0\u00bb saved_tabs=\u00a0\u00bball\u00a0\u00bb][\/et_pb_section]<\/p>\n","protected":false},"excerpt":{"rendered":"<p>[et_pb_section fb_built=\u00a0\u00bb1&Prime; next_background_color=\u00a0\u00bb#f7f7f7&Prime; _builder_version=\u00a0\u00bb4.7.4&Prime; background_image=\u00a0\u00bbhttps:\/\/mmpetgrooming.ca\/wp-content\/uploads\/2020\/11\/100_0387-revised.jpg\u00a0\u00bb parallax=\u00a0\u00bbon\u00a0\u00bb custom_padding=\u00a0\u00bb0|0px|629px|0px|false|false\u00a0\u00bb bottom_divider_style=\u00a0\u00bbramp\u00a0\u00bb][\/et_pb_section][et_pb_section fb_built=\u00a0\u00bb1&Prime; next_background_color=\u00a0\u00bb#b47b44&Prime; _builder_version=\u00a0\u00bb4.4.7&Prime; background_color=\u00a0\u00bb#f7f7f7&Prime; custom_margin=\u00a0\u00bb||0px||false|false\u00a0\u00bb custom_padding=\u00a0\u00bb25px|0px|94px|0px|false|false\u00a0\u00bb bottom_divider_style=\u00a0\u00bbramp\u00a0\u00bb][et_pb_row _builder_version=\u00a0\u00bb3.25&Prime;][et_pb_column type=\u00a0\u00bb4_4&Prime; _builder_version=\u00a0\u00bb3.25&Prime; custom_padding=\u00a0\u00bb|||\u00a0\u00bb custom_padding__hover=\u00a0\u00bb|||\u00a0\u00bb][et_pb_text _builder_version=\u00a0\u00bb4.7.4&Prime; text_font=\u00a0\u00bb||||||||\u00a0\u00bb text_font_size=\u00a0\u00bb18px\u00a0\u00bb text_line_height=\u00a0\u00bb1.8em\u00a0\u00bb header_font=\u00a0\u00bb|||on|||||\u00a0\u00bb header_text_color=\u00a0\u00bb#246faf\u00a0\u00bb header_font_size=\u00a0\u00bb50px\u00a0\u00bb header_2_font=\u00a0\u00bb|700||on|||||\u00a0\u00bb header_2_font_size=\u00a0\u00bb30px\u00a0\u00bb header_2_line_height=\u00a0\u00bb1.2em\u00a0\u00bb header_5_font=\u00a0\u00bb|||on|||||\u00a0\u00bb header_5_text_color=\u00a0\u00bbrgba(0,0,0,0.4)\u00a0\u00bb header_5_font_size=\u00a0\u00bb20px\u00a0\u00bb header_5_letter_spacing=\u00a0\u00bb3px\u00a0\u00bb header_5_line_height=\u00a0\u00bb1.2em\u00a0\u00bb text_orientation=\u00a0\u00bbcenter\u00a0\u00bb max_width=\u00a0\u00bb89.5%\u00a0\u00bb module_alignment=\u00a0\u00bbcenter\u00a0\u00bb custom_padding=\u00a0\u00bb|||0px||\u00a0\u00bb text_line_height_last_edited=\u00a0\u00bboff|desktop\u00a0\u00bb header_2_font_size_tablet=\u00a0\u00bb\u00a0\u00bb header_2_font_size_phone=\u00a0\u00bb36px\u00a0\u00bb header_2_font_size_last_edited=\u00a0\u00bbon|desktop\u00a0\u00bb] Services TOILETTAGE ET PLUS Bonjour, Cette ann\u00e9e nous avons faite des changement [&hellip;]<\/p>\n","protected":false},"author":1,"featured_media":0,"parent":0,"menu_order":0,"comment_status":"closed","ping_status":"closed","template":"","meta":{"_et_pb_use_builder":"on","_et_pb_old_content":"","_et_gb_content_width":"","footnotes":""},"class_list":["post-1029","page","type-page","status-publish","hentry"],"yoast_head":"<!-- This site is optimized with the Yoast SEO plugin v15.7 - https:\/\/yoast.com\/wordpress\/plugins\/seo\/ -->\n<title>Services - M &amp; M Pet Grooming<\/title>\n<meta name=\"robots\" content=\"index, follow, max-snippet:-1, max-image-preview:large, max-video-preview:-1\" \/>\n<link rel=\"canonical\" href=\"https:\/\/mmpetgrooming.ca\/fr\/services\/\" \/>\n<meta property=\"og:locale\" content=\"fr_FR\" \/>\n<meta property=\"og:type\" content=\"article\" \/>\n<meta property=\"og:title\" content=\"Services - M &amp; M Pet Grooming\" \/>\n<meta property=\"og:description\" content=\"[et_pb_section fb_built=\u00a0\u00bb1&Prime; next_background_color=\u00a0\u00bb#f7f7f7&Prime; _builder_version=\u00a0\u00bb4.7.4&Prime; background_image=\u00a0\u00bbhttps:\/\/mmpetgrooming.ca\/wp-content\/uploads\/2020\/11\/100_0387-revised.jpg\u00a0\u00bb parallax=\u00a0\u00bbon\u00a0\u00bb custom_padding=\u00a0\u00bb0|0px|629px|0px|false|false\u00a0\u00bb bottom_divider_style=\u00a0\u00bbramp\u00a0\u00bb][\/et_pb_section][et_pb_section fb_built=\u00a0\u00bb1&Prime; next_background_color=\u00a0\u00bb#b47b44&Prime; _builder_version=\u00a0\u00bb4.4.7&Prime; background_color=\u00a0\u00bb#f7f7f7&Prime; custom_margin=\u00a0\u00bb||0px||false|false\u00a0\u00bb custom_padding=\u00a0\u00bb25px|0px|94px|0px|false|false\u00a0\u00bb bottom_divider_style=\u00a0\u00bbramp\u00a0\u00bb][et_pb_row _builder_version=\u00a0\u00bb3.25&Prime;][et_pb_column type=\u00a0\u00bb4_4&Prime; _builder_version=\u00a0\u00bb3.25&Prime; custom_padding=\u00a0\u00bb|||\u00a0\u00bb custom_padding__hover=\u00a0\u00bb|||\u00a0\u00bb][et_pb_text _builder_version=\u00a0\u00bb4.7.4&Prime; text_font=\u00a0\u00bb||||||||\u00a0\u00bb text_font_size=\u00a0\u00bb18px\u00a0\u00bb text_line_height=\u00a0\u00bb1.8em\u00a0\u00bb header_font=\u00a0\u00bb|||on|||||\u00a0\u00bb header_text_color=\u00a0\u00bb#246faf\u00a0\u00bb header_font_size=\u00a0\u00bb50px\u00a0\u00bb header_2_font=\u00a0\u00bb|700||on|||||\u00a0\u00bb header_2_font_size=\u00a0\u00bb30px\u00a0\u00bb header_2_line_height=\u00a0\u00bb1.2em\u00a0\u00bb header_5_font=\u00a0\u00bb|||on|||||\u00a0\u00bb header_5_text_color=\u00a0\u00bbrgba(0,0,0,0.4)\u00a0\u00bb header_5_font_size=\u00a0\u00bb20px\u00a0\u00bb header_5_letter_spacing=\u00a0\u00bb3px\u00a0\u00bb header_5_line_height=\u00a0\u00bb1.2em\u00a0\u00bb text_orientation=\u00a0\u00bbcenter\u00a0\u00bb max_width=\u00a0\u00bb89.5%\u00a0\u00bb module_alignment=\u00a0\u00bbcenter\u00a0\u00bb custom_padding=\u00a0\u00bb|||0px||\u00a0\u00bb text_line_height_last_edited=\u00a0\u00bboff|desktop\u00a0\u00bb header_2_font_size_tablet=\u00a0\u00bb\u00a0\u00bb header_2_font_size_phone=\u00a0\u00bb36px\u00a0\u00bb header_2_font_size_last_edited=\u00a0\u00bbon|desktop\u00a0\u00bb] Services TOILETTAGE ET PLUS Bonjour, Cette ann\u00e9e nous avons faite des changement [&hellip;]\" \/>\n<meta property=\"og:url\" content=\"https:\/\/mmpetgrooming.ca\/fr\/services\/\" \/>\n<meta property=\"og:site_name\" content=\"M &amp; M Pet Grooming\" \/>\n<meta property=\"article:modified_time\" content=\"2023-02-13T18:47:54+00:00\" \/>\n<meta name=\"twitter:card\" content=\"summary_large_image\" \/>\n<meta name=\"twitter:label1\" content=\"Dur\u00e9e de lecture est.\">\n\t<meta name=\"twitter:data1\" content=\"3 minutes\">\n<script type=\"application\/ld+json\" class=\"yoast-schema-graph\">{\"@context\":\"https:\/\/schema.org\",\"@graph\":[{\"@type\":\"WebSite\",\"@id\":\"https:\/\/mmpetgrooming.ca\/#website\",\"url\":\"https:\/\/mmpetgrooming.ca\/\",\"name\":\"M &amp; M Pet Grooming\",\"description\":\"Serving animals and their owners in the Hawkesbury area!\",\"potentialAction\":[{\"@type\":\"SearchAction\",\"target\":\"https:\/\/mmpetgrooming.ca\/?s={search_term_string}\",\"query-input\":\"required name=search_term_string\"}],\"inLanguage\":\"fr-FR\"},{\"@type\":\"WebPage\",\"@id\":\"https:\/\/mmpetgrooming.ca\/fr\/services\/#webpage\",\"url\":\"https:\/\/mmpetgrooming.ca\/fr\/services\/\",\"name\":\"Services - M &amp; M Pet Grooming\",\"isPartOf\":{\"@id\":\"https:\/\/mmpetgrooming.ca\/#website\"},\"datePublished\":\"2020-12-14T21:25:47+00:00\",\"dateModified\":\"2023-02-13T18:47:54+00:00\",\"inLanguage\":\"fr-FR\",\"potentialAction\":[{\"@type\":\"ReadAction\",\"target\":[\"https:\/\/mmpetgrooming.ca\/fr\/services\/\"]}]}]}<\/script>\n<!-- \/ Yoast SEO plugin. -->","_links":{"self":[{"href":"https:\/\/mmpetgrooming.ca\/fr\/wp-json\/wp\/v2\/pages\/1029","targetHints":{"allow":["GET"]}}],"collection":[{"href":"https:\/\/mmpetgrooming.ca\/fr\/wp-json\/wp\/v2\/pages"}],"about":[{"href":"https:\/\/mmpetgrooming.ca\/fr\/wp-json\/wp\/v2\/types\/page"}],"author":[{"embeddable":true,"href":"https:\/\/mmpetgrooming.ca\/fr\/wp-json\/wp\/v2\/users\/1"}],"replies":[{"embeddable":true,"href":"https:\/\/mmpetgrooming.ca\/fr\/wp-json\/wp\/v2\/comments?post=1029"}],"version-history":[{"count":9,"href":"https:\/\/mmpetgrooming.ca\/fr\/wp-json\/wp\/v2\/pages\/1029\/revisions"}],"predecessor-version":[{"id":1464,"href":"https:\/\/mmpetgrooming.ca\/fr\/wp-json\/wp\/v2\/pages\/1029\/revisions\/1464"}],"wp:attachment":[{"href":"https:\/\/mmpetgrooming.ca\/fr\/wp-json\/wp\/v2\/media?parent=1029"}],"curies":[{"name":"wp","href":"https:\/\/api.w.org\/{rel}","templated":true}]}}