{"id":987,"date":"2020-12-14T12:08:00","date_gmt":"2020-12-14T17:08:00","guid":{"rendered":"https:\/\/mmpetgrooming.ca\/qui-sommes-nous-2\/"},"modified":"2021-01-28T17:01:34","modified_gmt":"2021-01-28T22:01:34","slug":"qui-sommes-nous","status":"publish","type":"page","link":"https:\/\/mmpetgrooming.ca\/fr\/qui-sommes-nous\/","title":{"rendered":"Qui sommes-nous"},"content":{"rendered":"\n[et_pb_section fb_built=\u00a0\u00bb1&Prime; next_background_color=\u00a0\u00bb#ffffff\u00a0\u00bb _builder_version=\u00a0\u00bb4.4.7&Prime; background_image=\u00a0\u00bbhttps:\/\/mmpetgrooming.ca\/wp-content\/uploads\/2020\/10\/MPetGrooming-bird-2-1920&#215;1029-1.jpg\u00a0\u00bb custom_padding=\u00a0\u00bb0|0px|400px|0px|false|false\u00a0\u00bb bottom_divider_style=\u00a0\u00bbramp\u00a0\u00bb][\/et_pb_section][et_pb_section fb_built=\u00a0\u00bb1&Prime; admin_label=\u00a0\u00bbServices Section\u00a0\u00bb _builder_version=\u00a0\u00bb4.4.7&Prime; background_color=\u00a0\u00bb#ffffff\u00a0\u00bb custom_padding=\u00a0\u00bb10px|0px|10px|0px|true|false\u00a0\u00bb][et_pb_row column_structure=\u00a0\u00bb1_2,1_2&Prime; _builder_version=\u00a0\u00bb4.4.7&Prime; width=\u00a0\u00bb100%\u00a0\u00bb max_width=\u00a0\u00bb1500px\u00a0\u00bb module_alignment=\u00a0\u00bbcenter\u00a0\u00bb custom_margin=\u00a0\u00bb|auto||auto|false|false\u00a0\u00bb custom_padding=\u00a0\u00bb50px||50px||true|false\u00a0\u00bb][et_pb_column type=\u00a0\u00bb1_2&Prime; _builder_version=\u00a0\u00bb4.4.7&Prime;][et_pb_image src=\u00a0\u00bbhttps:\/\/mmpetgrooming.ca\/wp-content\/uploads\/2020\/10\/001M_MPetGrooming800-69.jpg\u00a0\u00bb title_text=\u00a0\u00bb001M_MPetGrooming800 (69)\u00a0\u00bb _builder_version=\u00a0\u00bb4.4.7&Prime; transform_scale=\u00a0\u00bb110%|110%\u00a0\u00bb module_alignment=\u00a0\u00bbcenter\u00a0\u00bb custom_padding=\u00a0\u00bb20px|15px|20px|15px|true|true\u00a0\u00bb border_width_all=\u00a0\u00bb15px\u00a0\u00bb border_color_all=\u00a0\u00bb#f4fafd\u00a0\u00bb box_shadow_style=\u00a0\u00bbpreset4&Prime;][\/et_pb_image][\/et_pb_column][et_pb_column type=\u00a0\u00bb1_2&Prime; _builder_version=\u00a0\u00bb4.4.7&Prime;][et_pb_text _builder_version=\u00a0\u00bb4.7.4&Prime; text_font=\u00a0\u00bb||||||||\u00a0\u00bb header_font=\u00a0\u00bb||||||||\u00a0\u00bb header_font_size=\u00a0\u00bb40px\u00a0\u00bb header_2_font=\u00a0\u00bbLora|700|||||||\u00a0\u00bb header_2_font_size=\u00a0\u00bb50px\u00a0\u00bb header_2_line_height=\u00a0\u00bb1.5em\u00a0\u00bb header_5_font=\u00a0\u00bbOswald|||on|||||\u00a0\u00bb header_5_text_color=\u00a0\u00bb#246faf\u00a0\u00bb header_5_font_size=\u00a0\u00bb18px\u00a0\u00bb header_5_letter_spacing=\u00a0\u00bb3px\u00a0\u00bb text_orientation=\u00a0\u00bbcenter\u00a0\u00bb max_width=\u00a0\u00bb600px\u00a0\u00bb module_alignment=\u00a0\u00bbcenter\u00a0\u00bb custom_margin=\u00a0\u00bb||-4px|||\u00a0\u00bb custom_padding=\u00a0\u00bb50px|15px|25px|15px|false|true\u00a0\u00bb text_line_height_last_edited=\u00a0\u00bboff|desktop\u00a0\u00bb locked=\u00a0\u00bboff\u00a0\u00bb]<h1>Qui sommes-nous<\/h1>\n<h5>Diane and Michel Cadieux<\/h5>\n<h3>Propri\u00e9taires de M &amp; M Pet Grooming<\/h3>[\/et_pb_text][et_pb_text _builder_version=\u00a0\u00bb4.7.4&Prime; text_font=\u00a0\u00bb||||||||\u00a0\u00bb text_font_size=\u00a0\u00bb18px\u00a0\u00bb link_font=\u00a0\u00bb||||||||\u00a0\u00bb ul_font=\u00a0\u00bb||||||||\u00a0\u00bb ol_font=\u00a0\u00bb||||||||\u00a0\u00bb quote_font=\u00a0\u00bb||||||||\u00a0\u00bb header_font=\u00a0\u00bb||||||||\u00a0\u00bb header_2_font=\u00a0\u00bb||||||||\u00a0\u00bb header_3_font=\u00a0\u00bb|||on|||||\u00a0\u00bb header_3_font_size=\u00a0\u00bb20px\u00a0\u00bb header_3_letter_spacing=\u00a0\u00bb3px\u00a0\u00bb header_3_line_height=\u00a0\u00bb1.5em\u00a0\u00bb header_4_font=\u00a0\u00bb||||||||\u00a0\u00bb max_width=\u00a0\u00bb600px\u00a0\u00bb module_alignment=\u00a0\u00bbcenter\u00a0\u00bb custom_padding=\u00a0\u00bb10px|15px|10px|15px|true|true\u00a0\u00bb]<p>M &amp; M Pet Grooming est une entreprise familiale fi\u00e8rement d\u00e9tenue dans la ville de Hawkesbury en Ontario.<\/p>\n<p>Mon mari Michel Cadieux et moi, Diane Cadieux, avons achet\u00e9 l\u2019entreprise en f\u00e9vrier 2004 aupr\u00e8s d\u2019un bon ami. Nous aimons tous les deux les animaux, donc ce fut une d\u00e9cision facile pour nous!<\/p>\n<p>Nous sommes maintenant sur le point de commencer notre 17e ann\u00e9e de travail avec les animaux de notre communaut\u00e9. Lorsque vous franchirez nos portes, vous serez accueilli par un personnel d\u00e9vou\u00e9s \u00e0 vous servir ainsi que tous vos animaux de compagnie.<\/p>\n<p>Le service \u00e0 la client\u00e8le est notre priorit\u00e9 absolue!<\/p>[\/et_pb_text][\/et_pb_column][\/et_pb_row][\/et_pb_section]\n","protected":false},"excerpt":{"rendered":"","protected":false},"author":1,"featured_media":0,"parent":0,"menu_order":0,"comment_status":"closed","ping_status":"closed","template":"","meta":{"_et_pb_use_builder":"on","_et_pb_old_content":"","_et_gb_content_width":"","footnotes":""},"class_list":["post-987","page","type-page","status-publish","hentry"],"yoast_head":"<!-- This site is optimized with the Yoast SEO plugin v15.7 - https:\/\/yoast.com\/wordpress\/plugins\/seo\/ -->\n<title>Qui sommes-nous - M &amp; M Pet Grooming<\/title>\n<meta name=\"robots\" content=\"index, follow, max-snippet:-1, max-image-preview:large, max-video-preview:-1\" \/>\n<link rel=\"canonical\" href=\"https:\/\/mmpetgrooming.ca\/fr\/qui-sommes-nous\/\" \/>\n<meta property=\"og:locale\" content=\"fr_FR\" \/>\n<meta property=\"og:type\" content=\"article\" \/>\n<meta property=\"og:title\" content=\"Qui sommes-nous - M &amp; M Pet Grooming\" \/>\n<meta property=\"og:url\" content=\"https:\/\/mmpetgrooming.ca\/fr\/qui-sommes-nous\/\" \/>\n<meta property=\"og:site_name\" content=\"M &amp; M Pet Grooming\" \/>\n<meta property=\"article:modified_time\" content=\"2021-01-28T22:01:34+00:00\" \/>\n<meta name=\"twitter:card\" content=\"summary_large_image\" \/>\n<meta name=\"twitter:label1\" content=\"Dur\u00e9e de lecture est.\">\n\t<meta name=\"twitter:data1\" content=\"2 minutes\">\n<script type=\"application\/ld+json\" class=\"yoast-schema-graph\">{\"@context\":\"https:\/\/schema.org\",\"@graph\":[{\"@type\":\"WebSite\",\"@id\":\"https:\/\/mmpetgrooming.ca\/#website\",\"url\":\"https:\/\/mmpetgrooming.ca\/\",\"name\":\"M &amp; M Pet Grooming\",\"description\":\"Serving animals and their owners in the Hawkesbury area!\",\"potentialAction\":[{\"@type\":\"SearchAction\",\"target\":\"https:\/\/mmpetgrooming.ca\/?s={search_term_string}\",\"query-input\":\"required name=search_term_string\"}],\"inLanguage\":\"fr-FR\"},{\"@type\":\"WebPage\",\"@id\":\"https:\/\/mmpetgrooming.ca\/fr\/qui-sommes-nous\/#webpage\",\"url\":\"https:\/\/mmpetgrooming.ca\/fr\/qui-sommes-nous\/\",\"name\":\"Qui sommes-nous - M &amp; M Pet Grooming\",\"isPartOf\":{\"@id\":\"https:\/\/mmpetgrooming.ca\/#website\"},\"datePublished\":\"2020-12-14T17:08:00+00:00\",\"dateModified\":\"2021-01-28T22:01:34+00:00\",\"inLanguage\":\"fr-FR\",\"potentialAction\":[{\"@type\":\"ReadAction\",\"target\":[\"https:\/\/mmpetgrooming.ca\/fr\/qui-sommes-nous\/\"]}]}]}<\/script>\n<!-- \/ Yoast SEO plugin. -->","_links":{"self":[{"href":"https:\/\/mmpetgrooming.ca\/fr\/wp-json\/wp\/v2\/pages\/987","targetHints":{"allow":["GET"]}}],"collection":[{"href":"https:\/\/mmpetgrooming.ca\/fr\/wp-json\/wp\/v2\/pages"}],"about":[{"href":"https:\/\/mmpetgrooming.ca\/fr\/wp-json\/wp\/v2\/types\/page"}],"author":[{"embeddable":true,"href":"https:\/\/mmpetgrooming.ca\/fr\/wp-json\/wp\/v2\/users\/1"}],"replies":[{"embeddable":true,"href":"https:\/\/mmpetgrooming.ca\/fr\/wp-json\/wp\/v2\/comments?post=987"}],"version-history":[{"count":8,"href":"https:\/\/mmpetgrooming.ca\/fr\/wp-json\/wp\/v2\/pages\/987\/revisions"}],"predecessor-version":[{"id":1183,"href":"https:\/\/mmpetgrooming.ca\/fr\/wp-json\/wp\/v2\/pages\/987\/revisions\/1183"}],"wp:attachment":[{"href":"https:\/\/mmpetgrooming.ca\/fr\/wp-json\/wp\/v2\/media?parent=987"}],"curies":[{"name":"wp","href":"https:\/\/api.w.org\/{rel}","templated":true}]}}